{"id":199,"date":"2019-03-30T08:33:30","date_gmt":"2019-03-30T07:33:30","guid":{"rendered":"https:\/\/www.spvgg-jettenbach.de\/?page_id=199"},"modified":"2026-03-16T19:49:24","modified_gmt":"2026-03-16T18:49:24","slug":"abteilungsleitung","status":"publish","type":"page","link":"https:\/\/www.spvgg-jettenbach.de\/index.php\/fussball\/abteilungsleitung\/","title":{"rendered":"Abteilungsleitung"},"content":{"rendered":"\n<figure class=\"wp-block-image size-large\"><img loading=\"lazy\" decoding=\"async\" width=\"1024\" height=\"676\" src=\"https:\/\/www.spvgg-jettenbach.de\/wp-content\/uploads\/2026\/03\/Abteilungsversaamlung_2026-2-1024x676.jpg\" alt=\"\" class=\"wp-image-7939\" srcset=\"https:\/\/www.spvgg-jettenbach.de\/wp-content\/uploads\/2026\/03\/Abteilungsversaamlung_2026-2-1024x676.jpg 1024w, https:\/\/www.spvgg-jettenbach.de\/wp-content\/uploads\/2026\/03\/Abteilungsversaamlung_2026-2-300x198.jpg 300w, https:\/\/www.spvgg-jettenbach.de\/wp-content\/uploads\/2026\/03\/Abteilungsversaamlung_2026-2-768x507.jpg 768w, https:\/\/www.spvgg-jettenbach.de\/wp-content\/uploads\/2026\/03\/Abteilungsversaamlung_2026-2-350x230.jpg 350w, https:\/\/www.spvgg-jettenbach.de\/wp-content\/uploads\/2026\/03\/Abteilungsversaamlung_2026-2.jpg 1230w\" sizes=\"auto, (max-width: 1024px) 100vw, 1024px\" \/><figcaption class=\"wp-element-caption\">Sebastian, Lea, Dominick, Raphael<\/figcaption><\/figure>\n\n\n\n<p class=\"has-text-align-center\">Abteilungsf\u00fchrung 2026<\/p>\n\n\n\n<p><a href=\"mailto:fussball@spvgg-jettenbach.de\">Mail an Abteilungsleitung<\/a><\/p>\n\n\n\n<figure style=\"font-size:14px\" class=\"wp-block-table\"><table><tbody><tr><td>Abteilungsleiter<\/td><td>Sebastian Gottwald<\/td><td>+49 173 833 3804<\/td><td><a href=\"fussball@spvgg-jettenbach.de\">Mail<\/a><\/td><\/tr><tr><td>Stellvertreter<\/td><td>Dominik Dittrich<\/td><td>+49 151 591 850 37<\/td><td><\/td><\/tr><tr><td>Kassier<\/td><td>Raphael Kufner<\/td><td>+49 172 147 761 4<\/td><td><\/td><\/tr><tr><td>Schriftf\u00fchrung<\/td><td>Lea Marx<\/td><td>+49 1<\/td><td><\/td><\/tr><tr><td>Ansprechpartner Damen<\/td><td>Manfred Brader<\/td><td>+49 151 42068059<\/td><td><a href=\"damen@spVgg-jettenbach.de\" data-type=\"link\" data-id=\"damen@spVgg-jettenbach.de\">Mail<\/a><\/td><\/tr><tr><td>Trainer Damen<\/td><td>Christoph Annabrunner<\/td><td><\/td><td><\/td><\/tr><tr><td>Trainer Herren<\/td><td>Dan Cuedan<\/td><td><\/td><td><\/td><\/tr><tr><td><\/td><td><\/td><td><\/td><td><\/td><\/tr><\/tbody><\/table><figcaption class=\"wp-element-caption\">Die Kontaktdaten sind ausschlie\u00dflich f\u00fcr Vereinszwecke bereitgestellt. Eine andere Nutzung ist unerw\u00fcnscht!<\/figcaption><\/figure>\n\n\n\n<p><\/p>\n","protected":false},"excerpt":{"rendered":"<p>Abteilungsf\u00fchrung 2026 Mail an Abteilungsleitung Abteilungsleiter Sebastian Gottwald +49 173 833 3804 Mail Stellvertreter Dominik Dittrich +49 151 591 850 37 Kassier Raphael Kufner +49 172 147 761 4 Schriftf\u00fchrung Lea Marx +49 1 Ansprechpartner<\/p>\n","protected":false},"author":1,"featured_media":0,"parent":187,"menu_order":1,"comment_status":"closed","ping_status":"closed","template":"","meta":{"ngg_post_thumbnail":0,"footnotes":""},"class_list":["post-199","page","type-page","status-publish","hentry"],"_links":{"self":[{"href":"https:\/\/www.spvgg-jettenbach.de\/index.php\/wp-json\/wp\/v2\/pages\/199","targetHints":{"allow":["GET"]}}],"collection":[{"href":"https:\/\/www.spvgg-jettenbach.de\/index.php\/wp-json\/wp\/v2\/pages"}],"about":[{"href":"https:\/\/www.spvgg-jettenbach.de\/index.php\/wp-json\/wp\/v2\/types\/page"}],"author":[{"embeddable":true,"href":"https:\/\/www.spvgg-jettenbach.de\/index.php\/wp-json\/wp\/v2\/users\/1"}],"replies":[{"embeddable":true,"href":"https:\/\/www.spvgg-jettenbach.de\/index.php\/wp-json\/wp\/v2\/comments?post=199"}],"version-history":[{"count":21,"href":"https:\/\/www.spvgg-jettenbach.de\/index.php\/wp-json\/wp\/v2\/pages\/199\/revisions"}],"predecessor-version":[{"id":7940,"href":"https:\/\/www.spvgg-jettenbach.de\/index.php\/wp-json\/wp\/v2\/pages\/199\/revisions\/7940"}],"up":[{"embeddable":true,"href":"https:\/\/www.spvgg-jettenbach.de\/index.php\/wp-json\/wp\/v2\/pages\/187"}],"wp:attachment":[{"href":"https:\/\/www.spvgg-jettenbach.de\/index.php\/wp-json\/wp\/v2\/media?parent=199"}],"curies":[{"name":"wp","href":"https:\/\/api.w.org\/{rel}","templated":true}]}}